{"id":100389,"date":"2023-05-08T10:11:53","date_gmt":"2023-05-08T10:11:53","guid":{"rendered":"https:\/\/godollepat.hu\/?page_id=100389"},"modified":"2023-05-08T10:13:27","modified_gmt":"2023-05-08T10:13:27","slug":"frankne-dr-machytka-daisy-publikacioi","status":"publish","type":"page","link":"https:\/\/godollepat.hu\/en\/frankne-dr-machytka-daisy-publikacioi\/","title":{"rendered":"Publications of Dr. Daisy Machytka-Frank"},"content":{"rendered":"<div data-elementor-type=\"wp-page\" data-elementor-id=\"100389\" class=\"elementor elementor-100389\">\n\t\t\t\t\t\t<section class=\"elementor-section elementor-top-section elementor-element elementor-element-24da453d elementor-section-boxed elementor-section-height-default elementor-section-height-default\" data-id=\"24da453d\" data-element_type=\"section\" data-e-type=\"section\" data-settings=\"{&quot;jet_parallax_layout_list&quot;:[]}\">\n\t\t\t\t\t\t<div class=\"elementor-container elementor-column-gap-default\">\n\t\t\t\t\t<div class=\"elementor-column elementor-col-100 elementor-top-column elementor-element elementor-element-1dc3422e\" data-id=\"1dc3422e\" data-element_type=\"column\" data-e-type=\"column\">\n\t\t\t<div class=\"elementor-widget-wrap elementor-element-populated\">\n\t\t\t\t\t\t<div class=\"elementor-element elementor-element-10ff35fa elementor-widget elementor-widget-text-editor\" data-id=\"10ff35fa\" data-element_type=\"widget\" data-e-type=\"widget\" data-widget_type=\"text-editor.default\">\n\t\t\t\t<div class=\"elementor-widget-container\">\n\t\t\t\t\t\t\t\t\t\n<div id=\"wp-block-themeisle-blocks-advanced-columns-575dee44\" class=\"wp-block-themeisle-blocks-advanced-columns has-0-columns has-desktop-undefined-layout has-tablet-equal-layout has-mobile-equal-layout has-vertical-unset\"><div class=\"wp-block-themeisle-blocks-advanced-columns-overlay\"><\/div><div class=\"innerblocks-wrap\"><\/div><\/div>\n\t\t\t\t\t\t\t\t<\/div>\n\t\t\t\t<\/div>\n\t\t\t\t\t<\/div>\n\t\t<\/div>\n\t\t\t\t\t<\/div>\n\t\t<\/section>\n\t\t\t\t<section class=\"elementor-section elementor-top-section elementor-element elementor-element-baf97eb elementor-section-boxed elementor-section-height-default elementor-section-height-default\" data-id=\"baf97eb\" data-element_type=\"section\" data-e-type=\"section\" data-settings=\"{&quot;jet_parallax_layout_list&quot;:[]}\">\n\t\t\t\t\t\t<div class=\"elementor-container elementor-column-gap-default\">\n\t\t\t\t\t<div class=\"elementor-column elementor-col-100 elementor-top-column elementor-element elementor-element-069a940\" data-id=\"069a940\" data-element_type=\"column\" data-e-type=\"column\">\n\t\t\t<div class=\"elementor-widget-wrap\">\n\t\t\t\t\t\t\t<\/div>\n\t\t<\/div>\n\t\t\t\t\t<\/div>\n\t\t<\/section>\n\t\t\t\t<section class=\"elementor-section elementor-top-section elementor-element elementor-element-0b89b79 elementor-section-boxed elementor-section-height-default elementor-section-height-default\" data-id=\"0b89b79\" data-element_type=\"section\" data-e-type=\"section\" data-settings=\"{&quot;jet_parallax_layout_list&quot;:[]}\">\n\t\t\t\t\t\t<div class=\"elementor-container elementor-column-gap-default\">\n\t\t\t\t\t<div class=\"elementor-column elementor-col-100 elementor-top-column elementor-element elementor-element-0340f3d\" data-id=\"0340f3d\" data-element_type=\"column\" data-e-type=\"column\">\n\t\t\t<div class=\"elementor-widget-wrap elementor-element-populated\">\n\t\t\t\t\t\t<div class=\"elementor-element elementor-element-5c5410a elementor-widget elementor-widget-pdf_viewer\" data-id=\"5c5410a\" data-element_type=\"widget\" data-e-type=\"widget\" data-widget_type=\"pdf_viewer.default\">\n\t\t\t\t<div class=\"elementor-widget-container\">\n\t\t\t\t\t<iframe src=\"https:\/\/docs.google.com\/viewer?url=https:\/\/godollepat.hu\/wp-content\/uploads\/2023\/04\/Publikaciok-Daisy-as-of-2022.pdf&amp;embedded=true\" style=\"display: block; margin-left: auto; margin-right: auto; width: 640px; height: 1020px;\" frameborder=\"1\" marginheight=\"0px\" marginwidth=\"0px\" allowfullscreen><\/iframe>\t\t\t\t<\/div>\n\t\t\t\t<\/div>\n\t\t\t\t\t<\/div>\n\t\t<\/div>\n\t\t\t\t\t<\/div>\n\t\t<\/section>\n\t\t\t\t<\/div>","protected":false},"excerpt":{"rendered":"Publications of Dr. Daisy Machytka-Frank","protected":false},"author":2,"featured_media":0,"parent":0,"menu_order":0,"comment_status":"closed","ping_status":"closed","template":"","meta":{"footnotes":""},"class_list":["post-100389","page","type-page","status-publish","hentry"],"yoast_head":"<!-- This site is optimized with the Yoast SEO plugin v27.5 - https:\/\/yoast.com\/product\/yoast-seo-wordpress\/ -->\n<title>Frankn\u00e9 Dr. Machytka Daisy publik\u00e1ci\u00f3i - G\u00f6d\u00f6lle, K\u00e9kes, M\u00e9sz\u00e1ros &amp; Szab\u00f3 Szabadalmi \u00e9s V\u00e9djegy Iroda<\/title>\n<meta name=\"robots\" content=\"index, follow, max-snippet:-1, max-image-preview:large, max-video-preview:-1\" \/>\n<link rel=\"canonical\" href=\"https:\/\/godollepat.hu\/en\/frankne-dr-machytka-daisy-publikacioi\/\" \/>\n<meta property=\"og:locale\" content=\"en_US\" \/>\n<meta property=\"og:type\" content=\"article\" \/>\n<meta property=\"og:title\" content=\"Frankn\u00e9 Dr. Machytka Daisy publik\u00e1ci\u00f3i - G\u00f6d\u00f6lle, K\u00e9kes, M\u00e9sz\u00e1ros &amp; Szab\u00f3 Szabadalmi \u00e9s V\u00e9djegy Iroda\" \/>\n<meta property=\"og:description\" content=\"Frankn\u00e9 Dr. Machytka Daisy publik\u00e1ci\u00f3i\" \/>\n<meta property=\"og:url\" content=\"https:\/\/godollepat.hu\/en\/frankne-dr-machytka-daisy-publikacioi\/\" \/>\n<meta property=\"og:site_name\" content=\"G\u00f6d\u00f6lle, K\u00e9kes, M\u00e9sz\u00e1ros &amp; Szab\u00f3 Szabadalmi \u00e9s V\u00e9djegy Iroda\" \/>\n<meta property=\"article:modified_time\" content=\"2023-05-08T10:13:27+00:00\" \/>\n<meta name=\"twitter:card\" content=\"summary_large_image\" \/>\n<script type=\"application\/ld+json\" class=\"yoast-schema-graph\">{\"@context\":\"https:\\\/\\\/schema.org\",\"@graph\":[{\"@type\":\"WebPage\",\"@id\":\"https:\\\/\\\/godollepat.hu\\\/frankne-dr-machytka-daisy-publikacioi\\\/\",\"url\":\"https:\\\/\\\/godollepat.hu\\\/frankne-dr-machytka-daisy-publikacioi\\\/\",\"name\":\"Frankn\u00e9 Dr. Machytka Daisy publik\u00e1ci\u00f3i - G\u00f6d\u00f6lle, K\u00e9kes, M\u00e9sz\u00e1ros &amp; Szab\u00f3 Szabadalmi \u00e9s V\u00e9djegy Iroda\",\"isPartOf\":{\"@id\":\"https:\\\/\\\/godollepat.hu\\\/#website\"},\"datePublished\":\"2023-05-08T10:11:53+00:00\",\"dateModified\":\"2023-05-08T10:13:27+00:00\",\"breadcrumb\":{\"@id\":\"https:\\\/\\\/godollepat.hu\\\/frankne-dr-machytka-daisy-publikacioi\\\/#breadcrumb\"},\"inLanguage\":\"en-US\",\"potentialAction\":[{\"@type\":\"ReadAction\",\"target\":[\"https:\\\/\\\/godollepat.hu\\\/frankne-dr-machytka-daisy-publikacioi\\\/\"]}]},{\"@type\":\"BreadcrumbList\",\"@id\":\"https:\\\/\\\/godollepat.hu\\\/frankne-dr-machytka-daisy-publikacioi\\\/#breadcrumb\",\"itemListElement\":[{\"@type\":\"ListItem\",\"position\":1,\"name\":\"Kezd\u0151lap\",\"item\":\"https:\\\/\\\/godollepat.hu\\\/\"},{\"@type\":\"ListItem\",\"position\":2,\"name\":\"Frankn\u00e9 Dr. Machytka Daisy publik\u00e1ci\u00f3i\"}]},{\"@type\":\"WebSite\",\"@id\":\"https:\\\/\\\/godollepat.hu\\\/#website\",\"url\":\"https:\\\/\\\/godollepat.hu\\\/\",\"name\":\"G\u00f6d\u00f6lle, K\u00e9kes, M\u00e9sz\u00e1ros & Szab\u00f3 Szabadalmi \u00e9s V\u00e9djegy Iroda\",\"description\":\"Irod\u00e1nk mind a Szellemi Tulajdon Nemzeti Hivatala el\u0151tti elj\u00e1r\u00e1sokban (szabadalom, haszn\u00e1lati minta, v\u00e9djegy \u00e9s f\u00f6ldrajzi \u00e1rujelz\u0151, formatervez\u00e9si minta, f\u00e9lvezet\u0151 term\u00e9kek topogr\u00e1fia oltalma, n\u00f6v\u00e9nyfajta oltalom \u00e9s \u00f6nk\u00e9ntes m\u0171nyilv\u00e1ntart\u00e1s t\u00e1rgy\u00fa elj\u00e1r\u00e1sokban), mind a magyar b\u00edr\u00f3s\u00e1gok el\u0151tti nemperes \u00e9s peres, szellemi tulajdonnal kapcsolatos elj\u00e1r\u00e1sokban (szabadalom, haszn\u00e1lati minta, v\u00e9djegy \u00e9s f\u00f6ldrajzi \u00e1rujelz\u0151, formatervez\u00e9si minta, f\u00e9lvezet\u0151 term\u00e9kek topogr\u00e1fia oltalma, n\u00f6v\u00e9nyfajta oltalom, sz\u00e1m\u00edt\u00f3g\u00e9pi programra vonatkoz\u00f3 szerz\u0151i jog, valamint tisztess\u00e9gtelen verseny t\u00e1rgy\u00fa elj\u00e1r\u00e1sokban) jogosult elj\u00e1rni \u00fcgyfelek k\u00e9pviselet\u00e9ben\",\"publisher\":{\"@id\":\"https:\\\/\\\/godollepat.hu\\\/#organization\"},\"potentialAction\":[{\"@type\":\"SearchAction\",\"target\":{\"@type\":\"EntryPoint\",\"urlTemplate\":\"https:\\\/\\\/godollepat.hu\\\/?s={search_term_string}\"},\"query-input\":{\"@type\":\"PropertyValueSpecification\",\"valueRequired\":true,\"valueName\":\"search_term_string\"}}],\"inLanguage\":\"en-US\"},{\"@type\":\"Organization\",\"@id\":\"https:\\\/\\\/godollepat.hu\\\/#organization\",\"name\":\"G\u00f6d\u00f6lle, K\u00e9kes, M\u00e9sz\u00e1ros & Szab\u00f3 Szabadalmi \u00e9s V\u00e9djegy Iroda\",\"url\":\"https:\\\/\\\/godollepat.hu\\\/\",\"logo\":{\"@type\":\"ImageObject\",\"inLanguage\":\"en-US\",\"@id\":\"https:\\\/\\\/godollepat.hu\\\/#\\\/schema\\\/logo\\\/image\\\/\",\"url\":\"https:\\\/\\\/godollepat.hu\\\/wp-content\\\/uploads\\\/2023\\\/04\\\/Godolle-Kekes-Meszaros-Szabo-Patent-and-Trademark-Attorneys-2.png\",\"contentUrl\":\"https:\\\/\\\/godollepat.hu\\\/wp-content\\\/uploads\\\/2023\\\/04\\\/Godolle-Kekes-Meszaros-Szabo-Patent-and-Trademark-Attorneys-2.png\",\"width\":370,\"height\":72,\"caption\":\"G\u00f6d\u00f6lle, K\u00e9kes, M\u00e9sz\u00e1ros & Szab\u00f3 Szabadalmi \u00e9s V\u00e9djegy Iroda\"},\"image\":{\"@id\":\"https:\\\/\\\/godollepat.hu\\\/#\\\/schema\\\/logo\\\/image\\\/\"}}]}<\/script>\n<!-- \/ Yoast SEO plugin. -->","yoast_head_json":{"title":"Frankn\u00e9 Dr. Machytka Daisy publik\u00e1ci\u00f3i - G\u00f6d\u00f6lle, K\u00e9kes, M\u00e9sz\u00e1ros &amp; Szab\u00f3 Szabadalmi \u00e9s V\u00e9djegy Iroda","robots":{"index":"index","follow":"follow","max-snippet":"max-snippet:-1","max-image-preview":"max-image-preview:large","max-video-preview":"max-video-preview:-1"},"canonical":"https:\/\/godollepat.hu\/en\/frankne-dr-machytka-daisy-publikacioi\/","og_locale":"en_US","og_type":"article","og_title":"Frankn\u00e9 Dr. Machytka Daisy publik\u00e1ci\u00f3i - G\u00f6d\u00f6lle, K\u00e9kes, M\u00e9sz\u00e1ros &amp; Szab\u00f3 Szabadalmi \u00e9s V\u00e9djegy Iroda","og_description":"Frankn\u00e9 Dr. Machytka Daisy publik\u00e1ci\u00f3i","og_url":"https:\/\/godollepat.hu\/en\/frankne-dr-machytka-daisy-publikacioi\/","og_site_name":"G\u00f6d\u00f6lle, K\u00e9kes, M\u00e9sz\u00e1ros &amp; Szab\u00f3 Szabadalmi \u00e9s V\u00e9djegy Iroda","article_modified_time":"2023-05-08T10:13:27+00:00","twitter_card":"summary_large_image","schema":{"@context":"https:\/\/schema.org","@graph":[{"@type":"WebPage","@id":"https:\/\/godollepat.hu\/frankne-dr-machytka-daisy-publikacioi\/","url":"https:\/\/godollepat.hu\/frankne-dr-machytka-daisy-publikacioi\/","name":"Frankn\u00e9 Dr. Machytka Daisy publik\u00e1ci\u00f3i - G\u00f6d\u00f6lle, K\u00e9kes, M\u00e9sz\u00e1ros &amp; Szab\u00f3 Szabadalmi \u00e9s V\u00e9djegy Iroda","isPartOf":{"@id":"https:\/\/godollepat.hu\/#website"},"datePublished":"2023-05-08T10:11:53+00:00","dateModified":"2023-05-08T10:13:27+00:00","breadcrumb":{"@id":"https:\/\/godollepat.hu\/frankne-dr-machytka-daisy-publikacioi\/#breadcrumb"},"inLanguage":"en-US","potentialAction":[{"@type":"ReadAction","target":["https:\/\/godollepat.hu\/frankne-dr-machytka-daisy-publikacioi\/"]}]},{"@type":"BreadcrumbList","@id":"https:\/\/godollepat.hu\/frankne-dr-machytka-daisy-publikacioi\/#breadcrumb","itemListElement":[{"@type":"ListItem","position":1,"name":"Kezd\u0151lap","item":"https:\/\/godollepat.hu\/"},{"@type":"ListItem","position":2,"name":"Frankn\u00e9 Dr. Machytka Daisy publik\u00e1ci\u00f3i"}]},{"@type":"WebSite","@id":"https:\/\/godollepat.hu\/#website","url":"https:\/\/godollepat.hu\/","name":"G\u00f6d\u00f6lle, K\u00e9kes, M\u00e9sz\u00e1ros & Szab\u00f3 Szabadalmi \u00e9s V\u00e9djegy Iroda","description":"Irod\u00e1nk mind a Szellemi Tulajdon Nemzeti Hivatala el\u0151tti elj\u00e1r\u00e1sokban (szabadalom, haszn\u00e1lati minta, v\u00e9djegy \u00e9s f\u00f6ldrajzi \u00e1rujelz\u0151, formatervez\u00e9si minta, f\u00e9lvezet\u0151 term\u00e9kek topogr\u00e1fia oltalma, n\u00f6v\u00e9nyfajta oltalom \u00e9s \u00f6nk\u00e9ntes m\u0171nyilv\u00e1ntart\u00e1s t\u00e1rgy\u00fa elj\u00e1r\u00e1sokban), mind a magyar b\u00edr\u00f3s\u00e1gok el\u0151tti nemperes \u00e9s peres, szellemi tulajdonnal kapcsolatos elj\u00e1r\u00e1sokban (szabadalom, haszn\u00e1lati minta, v\u00e9djegy \u00e9s f\u00f6ldrajzi \u00e1rujelz\u0151, formatervez\u00e9si minta, f\u00e9lvezet\u0151 term\u00e9kek topogr\u00e1fia oltalma, n\u00f6v\u00e9nyfajta oltalom, sz\u00e1m\u00edt\u00f3g\u00e9pi programra vonatkoz\u00f3 szerz\u0151i jog, valamint tisztess\u00e9gtelen verseny t\u00e1rgy\u00fa elj\u00e1r\u00e1sokban) jogosult elj\u00e1rni \u00fcgyfelek k\u00e9pviselet\u00e9ben","publisher":{"@id":"https:\/\/godollepat.hu\/#organization"},"potentialAction":[{"@type":"SearchAction","target":{"@type":"EntryPoint","urlTemplate":"https:\/\/godollepat.hu\/?s={search_term_string}"},"query-input":{"@type":"PropertyValueSpecification","valueRequired":true,"valueName":"search_term_string"}}],"inLanguage":"en-US"},{"@type":"Organization","@id":"https:\/\/godollepat.hu\/#organization","name":"G\u00f6d\u00f6lle, K\u00e9kes, M\u00e9sz\u00e1ros & Szab\u00f3 Szabadalmi \u00e9s V\u00e9djegy Iroda","url":"https:\/\/godollepat.hu\/","logo":{"@type":"ImageObject","inLanguage":"en-US","@id":"https:\/\/godollepat.hu\/#\/schema\/logo\/image\/","url":"https:\/\/godollepat.hu\/wp-content\/uploads\/2023\/04\/Godolle-Kekes-Meszaros-Szabo-Patent-and-Trademark-Attorneys-2.png","contentUrl":"https:\/\/godollepat.hu\/wp-content\/uploads\/2023\/04\/Godolle-Kekes-Meszaros-Szabo-Patent-and-Trademark-Attorneys-2.png","width":370,"height":72,"caption":"G\u00f6d\u00f6lle, K\u00e9kes, M\u00e9sz\u00e1ros & Szab\u00f3 Szabadalmi \u00e9s V\u00e9djegy Iroda"},"image":{"@id":"https:\/\/godollepat.hu\/#\/schema\/logo\/image\/"}}]}},"_links":{"self":[{"href":"https:\/\/godollepat.hu\/en\/wp-json\/wp\/v2\/pages\/100389","targetHints":{"allow":["GET"]}}],"collection":[{"href":"https:\/\/godollepat.hu\/en\/wp-json\/wp\/v2\/pages"}],"about":[{"href":"https:\/\/godollepat.hu\/en\/wp-json\/wp\/v2\/types\/page"}],"author":[{"embeddable":true,"href":"https:\/\/godollepat.hu\/en\/wp-json\/wp\/v2\/users\/2"}],"replies":[{"embeddable":true,"href":"https:\/\/godollepat.hu\/en\/wp-json\/wp\/v2\/comments?post=100389"}],"version-history":[{"count":4,"href":"https:\/\/godollepat.hu\/en\/wp-json\/wp\/v2\/pages\/100389\/revisions"}],"predecessor-version":[{"id":100395,"href":"https:\/\/godollepat.hu\/en\/wp-json\/wp\/v2\/pages\/100389\/revisions\/100395"}],"wp:attachment":[{"href":"https:\/\/godollepat.hu\/en\/wp-json\/wp\/v2\/media?parent=100389"}],"curies":[{"name":"wp","href":"https:\/\/api.w.org\/{rel}","templated":true}]}}