{"id":99996,"date":"2022-10-12T08:36:50","date_gmt":"2022-10-12T08:36:50","guid":{"rendered":"https:\/\/godollepat.hu\/?page_id=99996"},"modified":"2022-10-12T08:53:32","modified_gmt":"2022-10-12T08:53:32","slug":"munkatarsak","status":"publish","type":"page","link":"https:\/\/godollepat.hu\/en\/munkatarsak\/","title":{"rendered":"munkat\u00e1rsak"},"content":{"rendered":"<div data-elementor-type=\"wp-page\" data-elementor-id=\"99996\" class=\"elementor elementor-99996\">\n\t\t\t\t\t\t<section class=\"elementor-section elementor-top-section elementor-element elementor-element-738b275 elementor-section-stretched elementor-section-boxed elementor-section-height-default elementor-section-height-default\" data-id=\"738b275\" data-element_type=\"section\" data-e-type=\"section\" data-settings=\"{&quot;stretch_section&quot;:&quot;section-stretched&quot;,&quot;jet_parallax_layout_list&quot;:[]}\">\n\t\t\t\t\t\t<div class=\"elementor-container elementor-column-gap-default\">\n\t\t\t\t\t<div class=\"elementor-column elementor-col-25 elementor-top-column elementor-element elementor-element-f46603f\" data-id=\"f46603f\" data-element_type=\"column\" data-e-type=\"column\">\n\t\t\t<div class=\"elementor-widget-wrap elementor-element-populated\">\n\t\t\t\t\t\t<section class=\"elementor-section elementor-inner-section elementor-element elementor-element-a34b390 elementor-section-boxed elementor-section-height-default elementor-section-height-default\" data-id=\"a34b390\" data-element_type=\"section\" data-e-type=\"section\" data-settings=\"{&quot;jet_parallax_layout_list&quot;:[]}\">\n\t\t\t\t\t\t<div class=\"elementor-container elementor-column-gap-default\">\n\t\t\t\t\t<div class=\"elementor-column elementor-col-100 elementor-inner-column elementor-element elementor-element-0ec4599\" data-id=\"0ec4599\" data-element_type=\"column\" data-e-type=\"column\">\n\t\t\t<div class=\"elementor-widget-wrap elementor-element-populated\">\n\t\t\t\t\t\t<div class=\"elementor-element elementor-element-4921053 elementor-widget elementor-widget-image\" data-id=\"4921053\" data-element_type=\"widget\" data-e-type=\"widget\" data-widget_type=\"image.default\">\n\t\t\t\t<div class=\"elementor-widget-container\">\n\t\t\t\t\t\t\t\t\t\t\t\t\t\t\t<img fetchpriority=\"high\" decoding=\"async\" width=\"306\" height=\"459\" src=\"https:\/\/godollepat.hu\/wp-content\/uploads\/2022\/10\/GodolleIstvan.jpg\" class=\"attachment-1536x1536 size-1536x1536 wp-image-99998\" alt=\"\" srcset=\"https:\/\/godollepat.hu\/wp-content\/uploads\/2022\/10\/GodolleIstvan.jpg 306w, https:\/\/godollepat.hu\/wp-content\/uploads\/2022\/10\/GodolleIstvan-200x300.jpg 200w, https:\/\/godollepat.hu\/wp-content\/uploads\/2022\/10\/GodolleIstvan-8x12.jpg 8w\" sizes=\"(max-width: 306px) 100vw, 306px\" \/>\t\t\t\t\t\t\t\t\t\t\t\t\t\t\t<\/div>\n\t\t\t\t<\/div>\n\t\t\t\t\t<\/div>\n\t\t<\/div>\n\t\t\t\t\t<\/div>\n\t\t<\/section>\n\t\t\t\t<section class=\"elementor-section elementor-inner-section elementor-element elementor-element-a61f410 elementor-section-boxed elementor-section-height-default elementor-section-height-default\" data-id=\"a61f410\" data-element_type=\"section\" data-e-type=\"section\" data-settings=\"{&quot;jet_parallax_layout_list&quot;:[]}\">\n\t\t\t\t\t\t<div class=\"elementor-container elementor-column-gap-default\">\n\t\t\t\t\t<div class=\"elementor-column elementor-col-100 elementor-inner-column elementor-element elementor-element-fdaacc1\" data-id=\"fdaacc1\" data-element_type=\"column\" data-e-type=\"column\">\n\t\t\t<div class=\"elementor-widget-wrap elementor-element-populated\">\n\t\t\t\t\t\t<div class=\"elementor-element elementor-element-74cba77 elementor-widget elementor-widget-text-editor\" data-id=\"74cba77\" data-element_type=\"widget\" data-e-type=\"widget\" data-widget_type=\"text-editor.default\">\n\t\t\t\t<div class=\"elementor-widget-container\">\n\t\t\t\t\t\t\t\t\t<p><a href=\"https:\/\/godollepat.hu\/attorneys\/dr-godolle-istvan\/\">Dr. Istv\u00e1n G\u00f6d\u00f6lle<\/a><\/p>\t\t\t\t\t\t\t\t<\/div>\n\t\t\t\t<\/div>\n\t\t\t\t\t<\/div>\n\t\t<\/div>\n\t\t\t\t\t<\/div>\n\t\t<\/section>\n\t\t\t\t<section class=\"elementor-section elementor-inner-section elementor-element elementor-element-c8270d6 elementor-section-boxed elementor-section-height-default elementor-section-height-default\" data-id=\"c8270d6\" data-element_type=\"section\" data-e-type=\"section\" data-settings=\"{&quot;jet_parallax_layout_list&quot;:[]}\">\n\t\t\t\t\t\t<div class=\"elementor-container elementor-column-gap-default\">\n\t\t\t\t\t<div class=\"elementor-column elementor-col-100 elementor-inner-column elementor-element elementor-element-4c16c12\" data-id=\"4c16c12\" data-element_type=\"column\" data-e-type=\"column\">\n\t\t\t<div class=\"elementor-widget-wrap elementor-element-populated\">\n\t\t\t\t\t\t<div class=\"elementor-element elementor-element-7b2e6dc elementor-widget elementor-widget-text-editor\" data-id=\"7b2e6dc\" data-element_type=\"widget\" data-e-type=\"widget\" data-widget_type=\"text-editor.default\">\n\t\t\t\t<div class=\"elementor-widget-container\">\n\t\t\t\t\t\t\t\t\t<p>Partner<\/p>\t\t\t\t\t\t\t\t<\/div>\n\t\t\t\t<\/div>\n\t\t\t\t\t<\/div>\n\t\t<\/div>\n\t\t\t\t\t<\/div>\n\t\t<\/section>\n\t\t\t\t\t<\/div>\n\t\t<\/div>\n\t\t\t\t<div class=\"elementor-column elementor-col-25 elementor-top-column elementor-element elementor-element-22b87f2\" data-id=\"22b87f2\" data-element_type=\"column\" data-e-type=\"column\">\n\t\t\t<div class=\"elementor-widget-wrap elementor-element-populated\">\n\t\t\t\t\t\t<div class=\"elementor-element elementor-element-068dad9 elementor-widget elementor-widget-image\" data-id=\"068dad9\" data-element_type=\"widget\" data-e-type=\"widget\" data-widget_type=\"image.default\">\n\t\t\t\t<div class=\"elementor-widget-container\">\n\t\t\t\t\t\t\t\t\t\t\t\t\t\t\t<img decoding=\"async\" width=\"306\" height=\"459\" src=\"https:\/\/godollepat.hu\/wp-content\/uploads\/2022\/10\/KeresztyMarcell.jpg\" class=\"attachment-large size-large wp-image-100002\" alt=\"\" srcset=\"https:\/\/godollepat.hu\/wp-content\/uploads\/2022\/10\/KeresztyMarcell.jpg 306w, https:\/\/godollepat.hu\/wp-content\/uploads\/2022\/10\/KeresztyMarcell-200x300.jpg 200w, https:\/\/godollepat.hu\/wp-content\/uploads\/2022\/10\/KeresztyMarcell-8x12.jpg 8w\" sizes=\"(max-width: 306px) 100vw, 306px\" \/>\t\t\t\t\t\t\t\t\t\t\t\t\t\t\t<\/div>\n\t\t\t\t<\/div>\n\t\t\t\t<section class=\"elementor-section elementor-inner-section elementor-element elementor-element-00e8a2d elementor-section-boxed elementor-section-height-default elementor-section-height-default\" data-id=\"00e8a2d\" data-element_type=\"section\" data-e-type=\"section\" data-settings=\"{&quot;jet_parallax_layout_list&quot;:[]}\">\n\t\t\t\t\t\t<div class=\"elementor-container elementor-column-gap-default\">\n\t\t\t\t\t<div class=\"elementor-column elementor-col-100 elementor-inner-column elementor-element elementor-element-818d2d1\" data-id=\"818d2d1\" data-element_type=\"column\" data-e-type=\"column\">\n\t\t\t<div class=\"elementor-widget-wrap elementor-element-populated\">\n\t\t\t\t\t\t<div class=\"elementor-element elementor-element-44f75ed elementor-widget elementor-widget-text-editor\" data-id=\"44f75ed\" data-element_type=\"widget\" data-e-type=\"widget\" data-widget_type=\"text-editor.default\">\n\t\t\t\t<div class=\"elementor-widget-container\">\n\t\t\t\t\t\t\t\t\t<p><a href=\"https:\/\/godollepat.hu\/attorneys\/dr-kereszty-marcell\/\">Dr. Marcell Kereszty<\/a><\/p>\t\t\t\t\t\t\t\t<\/div>\n\t\t\t\t<\/div>\n\t\t\t\t\t<\/div>\n\t\t<\/div>\n\t\t\t\t\t<\/div>\n\t\t<\/section>\n\t\t\t\t<section class=\"elementor-section elementor-inner-section elementor-element elementor-element-b92eb8c elementor-section-boxed elementor-section-height-default elementor-section-height-default\" data-id=\"b92eb8c\" data-element_type=\"section\" data-e-type=\"section\" data-settings=\"{&quot;jet_parallax_layout_list&quot;:[]}\">\n\t\t\t\t\t\t<div class=\"elementor-container elementor-column-gap-default\">\n\t\t\t\t\t<div class=\"elementor-column elementor-col-100 elementor-inner-column elementor-element elementor-element-aa36bec\" data-id=\"aa36bec\" data-element_type=\"column\" data-e-type=\"column\">\n\t\t\t<div class=\"elementor-widget-wrap elementor-element-populated\">\n\t\t\t\t\t\t<div class=\"elementor-element elementor-element-e887fdb elementor-widget elementor-widget-text-editor\" data-id=\"e887fdb\" data-element_type=\"widget\" data-e-type=\"widget\" data-widget_type=\"text-editor.default\">\n\t\t\t\t<div class=\"elementor-widget-container\">\n\t\t\t\t\t\t\t\t\t<p>Partner<\/p>\t\t\t\t\t\t\t\t<\/div>\n\t\t\t\t<\/div>\n\t\t\t\t\t<\/div>\n\t\t<\/div>\n\t\t\t\t\t<\/div>\n\t\t<\/section>\n\t\t\t\t\t<\/div>\n\t\t<\/div>\n\t\t\t\t<div class=\"elementor-column elementor-col-25 elementor-top-column elementor-element elementor-element-f8e765a\" data-id=\"f8e765a\" data-element_type=\"column\" data-e-type=\"column\">\n\t\t\t<div class=\"elementor-widget-wrap elementor-element-populated\">\n\t\t\t\t\t\t<div class=\"elementor-element elementor-element-d64e9a7 elementor-widget elementor-widget-image\" data-id=\"d64e9a7\" data-element_type=\"widget\" data-e-type=\"widget\" data-widget_type=\"image.default\">\n\t\t\t\t<div class=\"elementor-widget-container\">\n\t\t\t\t\t\t\t\t\t\t\t\t\t\t\t<img decoding=\"async\" width=\"306\" height=\"459\" src=\"https:\/\/godollepat.hu\/wp-content\/uploads\/2022\/10\/MachytkaDaisy.jpg\" class=\"attachment-large size-large wp-image-100004\" alt=\"\" srcset=\"https:\/\/godollepat.hu\/wp-content\/uploads\/2022\/10\/MachytkaDaisy.jpg 306w, https:\/\/godollepat.hu\/wp-content\/uploads\/2022\/10\/MachytkaDaisy-200x300.jpg 200w, https:\/\/godollepat.hu\/wp-content\/uploads\/2022\/10\/MachytkaDaisy-8x12.jpg 8w\" sizes=\"(max-width: 306px) 100vw, 306px\" \/>\t\t\t\t\t\t\t\t\t\t\t\t\t\t\t<\/div>\n\t\t\t\t<\/div>\n\t\t\t\t\t<\/div>\n\t\t<\/div>\n\t\t\t\t<div class=\"elementor-column elementor-col-25 elementor-top-column elementor-element elementor-element-8bbdc25\" data-id=\"8bbdc25\" data-element_type=\"column\" data-e-type=\"column\">\n\t\t\t<div class=\"elementor-widget-wrap elementor-element-populated\">\n\t\t\t\t\t\t<div class=\"elementor-element elementor-element-8c2136a elementor-widget elementor-widget-image\" data-id=\"8c2136a\" data-element_type=\"widget\" data-e-type=\"widget\" data-widget_type=\"image.default\">\n\t\t\t\t<div class=\"elementor-widget-container\">\n\t\t\t\t\t\t\t\t\t\t\t\t\t\t\t<img loading=\"lazy\" decoding=\"async\" width=\"357\" height=\"460\" src=\"https:\/\/godollepat.hu\/wp-content\/uploads\/2022\/08\/Ne\u0301vtelen-terv-9.png\" class=\"attachment-large size-large wp-image-852\" alt=\"\" srcset=\"https:\/\/godollepat.hu\/wp-content\/uploads\/2022\/08\/Ne\u0301vtelen-terv-9.png 357w, https:\/\/godollepat.hu\/wp-content\/uploads\/2022\/08\/Ne\u0301vtelen-terv-9-233x300.png 233w, https:\/\/godollepat.hu\/wp-content\/uploads\/2022\/08\/Ne\u0301vtelen-terv-9-9x12.png 9w\" sizes=\"(max-width: 357px) 100vw, 357px\" \/>\t\t\t\t\t\t\t\t\t\t\t\t\t\t\t<\/div>\n\t\t\t\t<\/div>\n\t\t\t\t\t<\/div>\n\t\t<\/div>\n\t\t\t\t\t<\/div>\n\t\t<\/section>\n\t\t\t\t<section class=\"elementor-section elementor-top-section elementor-element elementor-element-9249492 elementor-section-stretched elementor-section-boxed elementor-section-height-default elementor-section-height-default\" data-id=\"9249492\" data-element_type=\"section\" data-e-type=\"section\" data-settings=\"{&quot;stretch_section&quot;:&quot;section-stretched&quot;,&quot;jet_parallax_layout_list&quot;:[]}\">\n\t\t\t\t\t\t<div class=\"elementor-container elementor-column-gap-default\">\n\t\t\t\t\t<div class=\"elementor-column elementor-col-33 elementor-top-column elementor-element elementor-element-dd350f5\" data-id=\"dd350f5\" data-element_type=\"column\" data-e-type=\"column\">\n\t\t\t<div class=\"elementor-widget-wrap elementor-element-populated\">\n\t\t\t\t\t\t<div class=\"elementor-element elementor-element-d3b112a elementor-widget elementor-widget-image\" data-id=\"d3b112a\" data-element_type=\"widget\" data-e-type=\"widget\" data-widget_type=\"image.default\">\n\t\t\t\t<div class=\"elementor-widget-container\">\n\t\t\t\t\t\t\t\t\t\t\t\t\t\t\t<img loading=\"lazy\" decoding=\"async\" width=\"357\" height=\"460\" src=\"https:\/\/godollepat.hu\/wp-content\/uploads\/2022\/08\/Ne\u0301vtelen-terv-8.png\" class=\"attachment-large size-large wp-image-848\" alt=\"\" srcset=\"https:\/\/godollepat.hu\/wp-content\/uploads\/2022\/08\/Ne\u0301vtelen-terv-8.png 357w, https:\/\/godollepat.hu\/wp-content\/uploads\/2022\/08\/Ne\u0301vtelen-terv-8-233x300.png 233w, https:\/\/godollepat.hu\/wp-content\/uploads\/2022\/08\/Ne\u0301vtelen-terv-8-9x12.png 9w\" sizes=\"(max-width: 357px) 100vw, 357px\" \/>\t\t\t\t\t\t\t\t\t\t\t\t\t\t\t<\/div>\n\t\t\t\t<\/div>\n\t\t\t\t\t<\/div>\n\t\t<\/div>\n\t\t\t\t<div class=\"elementor-column elementor-col-33 elementor-top-column elementor-element elementor-element-02b170a\" data-id=\"02b170a\" data-element_type=\"column\" data-e-type=\"column\">\n\t\t\t<div class=\"elementor-widget-wrap elementor-element-populated\">\n\t\t\t\t\t\t<div class=\"elementor-element elementor-element-1b59f1e elementor-widget elementor-widget-image\" data-id=\"1b59f1e\" data-element_type=\"widget\" data-e-type=\"widget\" data-widget_type=\"image.default\">\n\t\t\t\t<div class=\"elementor-widget-container\">\n\t\t\t\t\t\t\t\t\t\t\t\t\t\t\t<img loading=\"lazy\" decoding=\"async\" width=\"306\" height=\"459\" src=\"https:\/\/godollepat.hu\/wp-content\/uploads\/2022\/10\/MeszarosEniko.jpg\" class=\"attachment-large size-large wp-image-100005\" alt=\"\" srcset=\"https:\/\/godollepat.hu\/wp-content\/uploads\/2022\/10\/MeszarosEniko.jpg 306w, https:\/\/godollepat.hu\/wp-content\/uploads\/2022\/10\/MeszarosEniko-200x300.jpg 200w, https:\/\/godollepat.hu\/wp-content\/uploads\/2022\/10\/MeszarosEniko-8x12.jpg 8w\" sizes=\"(max-width: 306px) 100vw, 306px\" \/>\t\t\t\t\t\t\t\t\t\t\t\t\t\t\t<\/div>\n\t\t\t\t<\/div>\n\t\t\t\t\t<\/div>\n\t\t<\/div>\n\t\t\t\t<div class=\"elementor-column elementor-col-33 elementor-top-column elementor-element elementor-element-2f8687d\" data-id=\"2f8687d\" data-element_type=\"column\" data-e-type=\"column\">\n\t\t\t<div class=\"elementor-widget-wrap elementor-element-populated\">\n\t\t\t\t\t\t<div class=\"elementor-element elementor-element-d87b8ee elementor-widget elementor-widget-image\" data-id=\"d87b8ee\" data-element_type=\"widget\" data-e-type=\"widget\" data-widget_type=\"image.default\">\n\t\t\t\t<div class=\"elementor-widget-container\">\n\t\t\t\t\t\t\t\t\t\t\t\t\t\t\t<img loading=\"lazy\" decoding=\"async\" width=\"306\" height=\"459\" src=\"https:\/\/godollepat.hu\/wp-content\/uploads\/2022\/10\/KekesLaszlo.jpg\" class=\"attachment-large size-large wp-image-100006\" alt=\"\" srcset=\"https:\/\/godollepat.hu\/wp-content\/uploads\/2022\/10\/KekesLaszlo.jpg 306w, https:\/\/godollepat.hu\/wp-content\/uploads\/2022\/10\/KekesLaszlo-200x300.jpg 200w, https:\/\/godollepat.hu\/wp-content\/uploads\/2022\/10\/KekesLaszlo-8x12.jpg 8w\" sizes=\"(max-width: 306px) 100vw, 306px\" \/>\t\t\t\t\t\t\t\t\t\t\t\t\t\t\t<\/div>\n\t\t\t\t<\/div>\n\t\t\t\t\t<\/div>\n\t\t<\/div>\n\t\t\t\t\t<\/div>\n\t\t<\/section>\n\t\t\t\t<\/div>","protected":false},"excerpt":{"rendered":"Dr. G\u00f6d\u00f6lle Istv\u00e1n Partner Dr. Kereszty Marcell Partner","protected":false},"author":2,"featured_media":0,"parent":0,"menu_order":0,"comment_status":"closed","ping_status":"closed","template":"","meta":{"footnotes":""},"class_list":["post-99996","page","type-page","status-publish","hentry"],"yoast_head":"<!-- This site is optimized with the Yoast SEO plugin v27.5 - https:\/\/yoast.com\/product\/yoast-seo-wordpress\/ -->\n<title>munkat\u00e1rsak - G\u00f6d\u00f6lle, K\u00e9kes, M\u00e9sz\u00e1ros &amp; Szab\u00f3 Szabadalmi \u00e9s V\u00e9djegy Iroda<\/title>\n<meta name=\"robots\" content=\"index, follow, max-snippet:-1, max-image-preview:large, max-video-preview:-1\" \/>\n<link rel=\"canonical\" href=\"https:\/\/godollepat.hu\/en\/munkatarsak\/\" \/>\n<meta property=\"og:locale\" content=\"en_US\" \/>\n<meta property=\"og:type\" content=\"article\" \/>\n<meta property=\"og:title\" content=\"munkat\u00e1rsak - G\u00f6d\u00f6lle, K\u00e9kes, M\u00e9sz\u00e1ros &amp; Szab\u00f3 Szabadalmi \u00e9s V\u00e9djegy Iroda\" \/>\n<meta property=\"og:description\" content=\"Dr. G\u00f6d\u00f6lle Istv\u00e1n Partner Dr. Kereszty Marcell Partner\" \/>\n<meta property=\"og:url\" content=\"https:\/\/godollepat.hu\/en\/munkatarsak\/\" \/>\n<meta property=\"og:site_name\" content=\"G\u00f6d\u00f6lle, K\u00e9kes, M\u00e9sz\u00e1ros &amp; Szab\u00f3 Szabadalmi \u00e9s V\u00e9djegy Iroda\" \/>\n<meta property=\"article:modified_time\" content=\"2022-10-12T08:53:32+00:00\" \/>\n<meta property=\"og:image\" content=\"https:\/\/godollepat.hu\/wp-content\/uploads\/2022\/10\/GodolleIstvan.jpg\" \/>\n<meta name=\"twitter:card\" content=\"summary_large_image\" \/>\n<script type=\"application\/ld+json\" class=\"yoast-schema-graph\">{\"@context\":\"https:\\\/\\\/schema.org\",\"@graph\":[{\"@type\":\"WebPage\",\"@id\":\"https:\\\/\\\/godollepat.hu\\\/munkatarsak\\\/\",\"url\":\"https:\\\/\\\/godollepat.hu\\\/munkatarsak\\\/\",\"name\":\"munkat\u00e1rsak - G\u00f6d\u00f6lle, K\u00e9kes, M\u00e9sz\u00e1ros &amp; Szab\u00f3 Szabadalmi \u00e9s V\u00e9djegy Iroda\",\"isPartOf\":{\"@id\":\"https:\\\/\\\/godollepat.hu\\\/#website\"},\"primaryImageOfPage\":{\"@id\":\"https:\\\/\\\/godollepat.hu\\\/munkatarsak\\\/#primaryimage\"},\"image\":{\"@id\":\"https:\\\/\\\/godollepat.hu\\\/munkatarsak\\\/#primaryimage\"},\"thumbnailUrl\":\"https:\\\/\\\/godollepat.hu\\\/wp-content\\\/uploads\\\/2022\\\/10\\\/GodolleIstvan.jpg\",\"datePublished\":\"2022-10-12T08:36:50+00:00\",\"dateModified\":\"2022-10-12T08:53:32+00:00\",\"breadcrumb\":{\"@id\":\"https:\\\/\\\/godollepat.hu\\\/munkatarsak\\\/#breadcrumb\"},\"inLanguage\":\"en-US\",\"potentialAction\":[{\"@type\":\"ReadAction\",\"target\":[\"https:\\\/\\\/godollepat.hu\\\/munkatarsak\\\/\"]}]},{\"@type\":\"ImageObject\",\"inLanguage\":\"en-US\",\"@id\":\"https:\\\/\\\/godollepat.hu\\\/munkatarsak\\\/#primaryimage\",\"url\":\"https:\\\/\\\/godollepat.hu\\\/wp-content\\\/uploads\\\/2022\\\/10\\\/GodolleIstvan.jpg\",\"contentUrl\":\"https:\\\/\\\/godollepat.hu\\\/wp-content\\\/uploads\\\/2022\\\/10\\\/GodolleIstvan.jpg\"},{\"@type\":\"BreadcrumbList\",\"@id\":\"https:\\\/\\\/godollepat.hu\\\/munkatarsak\\\/#breadcrumb\",\"itemListElement\":[{\"@type\":\"ListItem\",\"position\":1,\"name\":\"Kezd\u0151lap\",\"item\":\"https:\\\/\\\/godollepat.hu\\\/\"},{\"@type\":\"ListItem\",\"position\":2,\"name\":\"munkat\u00e1rsak\"}]},{\"@type\":\"WebSite\",\"@id\":\"https:\\\/\\\/godollepat.hu\\\/#website\",\"url\":\"https:\\\/\\\/godollepat.hu\\\/\",\"name\":\"G\u00f6d\u00f6lle, K\u00e9kes, M\u00e9sz\u00e1ros & Szab\u00f3 Szabadalmi \u00e9s V\u00e9djegy Iroda\",\"description\":\"Irod\u00e1nk mind a Szellemi Tulajdon Nemzeti Hivatala el\u0151tti elj\u00e1r\u00e1sokban (szabadalom, haszn\u00e1lati minta, v\u00e9djegy \u00e9s f\u00f6ldrajzi \u00e1rujelz\u0151, formatervez\u00e9si minta, f\u00e9lvezet\u0151 term\u00e9kek topogr\u00e1fia oltalma, n\u00f6v\u00e9nyfajta oltalom \u00e9s \u00f6nk\u00e9ntes m\u0171nyilv\u00e1ntart\u00e1s t\u00e1rgy\u00fa elj\u00e1r\u00e1sokban), mind a magyar b\u00edr\u00f3s\u00e1gok el\u0151tti nemperes \u00e9s peres, szellemi tulajdonnal kapcsolatos elj\u00e1r\u00e1sokban (szabadalom, haszn\u00e1lati minta, v\u00e9djegy \u00e9s f\u00f6ldrajzi \u00e1rujelz\u0151, formatervez\u00e9si minta, f\u00e9lvezet\u0151 term\u00e9kek topogr\u00e1fia oltalma, n\u00f6v\u00e9nyfajta oltalom, sz\u00e1m\u00edt\u00f3g\u00e9pi programra vonatkoz\u00f3 szerz\u0151i jog, valamint tisztess\u00e9gtelen verseny t\u00e1rgy\u00fa elj\u00e1r\u00e1sokban) jogosult elj\u00e1rni \u00fcgyfelek k\u00e9pviselet\u00e9ben\",\"publisher\":{\"@id\":\"https:\\\/\\\/godollepat.hu\\\/#organization\"},\"potentialAction\":[{\"@type\":\"SearchAction\",\"target\":{\"@type\":\"EntryPoint\",\"urlTemplate\":\"https:\\\/\\\/godollepat.hu\\\/?s={search_term_string}\"},\"query-input\":{\"@type\":\"PropertyValueSpecification\",\"valueRequired\":true,\"valueName\":\"search_term_string\"}}],\"inLanguage\":\"en-US\"},{\"@type\":\"Organization\",\"@id\":\"https:\\\/\\\/godollepat.hu\\\/#organization\",\"name\":\"G\u00f6d\u00f6lle, K\u00e9kes, M\u00e9sz\u00e1ros & Szab\u00f3 Szabadalmi \u00e9s V\u00e9djegy Iroda\",\"url\":\"https:\\\/\\\/godollepat.hu\\\/\",\"logo\":{\"@type\":\"ImageObject\",\"inLanguage\":\"en-US\",\"@id\":\"https:\\\/\\\/godollepat.hu\\\/#\\\/schema\\\/logo\\\/image\\\/\",\"url\":\"https:\\\/\\\/godollepat.hu\\\/wp-content\\\/uploads\\\/2023\\\/04\\\/Godolle-Kekes-Meszaros-Szabo-Patent-and-Trademark-Attorneys-2.png\",\"contentUrl\":\"https:\\\/\\\/godollepat.hu\\\/wp-content\\\/uploads\\\/2023\\\/04\\\/Godolle-Kekes-Meszaros-Szabo-Patent-and-Trademark-Attorneys-2.png\",\"width\":370,\"height\":72,\"caption\":\"G\u00f6d\u00f6lle, K\u00e9kes, M\u00e9sz\u00e1ros & Szab\u00f3 Szabadalmi \u00e9s V\u00e9djegy Iroda\"},\"image\":{\"@id\":\"https:\\\/\\\/godollepat.hu\\\/#\\\/schema\\\/logo\\\/image\\\/\"}}]}<\/script>\n<!-- \/ Yoast SEO plugin. -->","yoast_head_json":{"title":"munkat\u00e1rsak - G\u00f6d\u00f6lle, K\u00e9kes, M\u00e9sz\u00e1ros &amp; Szab\u00f3 Szabadalmi \u00e9s V\u00e9djegy Iroda","robots":{"index":"index","follow":"follow","max-snippet":"max-snippet:-1","max-image-preview":"max-image-preview:large","max-video-preview":"max-video-preview:-1"},"canonical":"https:\/\/godollepat.hu\/en\/munkatarsak\/","og_locale":"en_US","og_type":"article","og_title":"munkat\u00e1rsak - G\u00f6d\u00f6lle, K\u00e9kes, M\u00e9sz\u00e1ros &amp; Szab\u00f3 Szabadalmi \u00e9s V\u00e9djegy Iroda","og_description":"Dr. G\u00f6d\u00f6lle Istv\u00e1n Partner Dr. Kereszty Marcell Partner","og_url":"https:\/\/godollepat.hu\/en\/munkatarsak\/","og_site_name":"G\u00f6d\u00f6lle, K\u00e9kes, M\u00e9sz\u00e1ros &amp; Szab\u00f3 Szabadalmi \u00e9s V\u00e9djegy Iroda","article_modified_time":"2022-10-12T08:53:32+00:00","og_image":[{"url":"https:\/\/godollepat.hu\/wp-content\/uploads\/2022\/10\/GodolleIstvan.jpg","type":"","width":"","height":""}],"twitter_card":"summary_large_image","schema":{"@context":"https:\/\/schema.org","@graph":[{"@type":"WebPage","@id":"https:\/\/godollepat.hu\/munkatarsak\/","url":"https:\/\/godollepat.hu\/munkatarsak\/","name":"munkat\u00e1rsak - G\u00f6d\u00f6lle, K\u00e9kes, M\u00e9sz\u00e1ros &amp; Szab\u00f3 Szabadalmi \u00e9s V\u00e9djegy Iroda","isPartOf":{"@id":"https:\/\/godollepat.hu\/#website"},"primaryImageOfPage":{"@id":"https:\/\/godollepat.hu\/munkatarsak\/#primaryimage"},"image":{"@id":"https:\/\/godollepat.hu\/munkatarsak\/#primaryimage"},"thumbnailUrl":"https:\/\/godollepat.hu\/wp-content\/uploads\/2022\/10\/GodolleIstvan.jpg","datePublished":"2022-10-12T08:36:50+00:00","dateModified":"2022-10-12T08:53:32+00:00","breadcrumb":{"@id":"https:\/\/godollepat.hu\/munkatarsak\/#breadcrumb"},"inLanguage":"en-US","potentialAction":[{"@type":"ReadAction","target":["https:\/\/godollepat.hu\/munkatarsak\/"]}]},{"@type":"ImageObject","inLanguage":"en-US","@id":"https:\/\/godollepat.hu\/munkatarsak\/#primaryimage","url":"https:\/\/godollepat.hu\/wp-content\/uploads\/2022\/10\/GodolleIstvan.jpg","contentUrl":"https:\/\/godollepat.hu\/wp-content\/uploads\/2022\/10\/GodolleIstvan.jpg"},{"@type":"BreadcrumbList","@id":"https:\/\/godollepat.hu\/munkatarsak\/#breadcrumb","itemListElement":[{"@type":"ListItem","position":1,"name":"Kezd\u0151lap","item":"https:\/\/godollepat.hu\/"},{"@type":"ListItem","position":2,"name":"munkat\u00e1rsak"}]},{"@type":"WebSite","@id":"https:\/\/godollepat.hu\/#website","url":"https:\/\/godollepat.hu\/","name":"G\u00f6d\u00f6lle, K\u00e9kes, M\u00e9sz\u00e1ros & Szab\u00f3 Szabadalmi \u00e9s V\u00e9djegy Iroda","description":"Irod\u00e1nk mind a Szellemi Tulajdon Nemzeti Hivatala el\u0151tti elj\u00e1r\u00e1sokban (szabadalom, haszn\u00e1lati minta, v\u00e9djegy \u00e9s f\u00f6ldrajzi \u00e1rujelz\u0151, formatervez\u00e9si minta, f\u00e9lvezet\u0151 term\u00e9kek topogr\u00e1fia oltalma, n\u00f6v\u00e9nyfajta oltalom \u00e9s \u00f6nk\u00e9ntes m\u0171nyilv\u00e1ntart\u00e1s t\u00e1rgy\u00fa elj\u00e1r\u00e1sokban), mind a magyar b\u00edr\u00f3s\u00e1gok el\u0151tti nemperes \u00e9s peres, szellemi tulajdonnal kapcsolatos elj\u00e1r\u00e1sokban (szabadalom, haszn\u00e1lati minta, v\u00e9djegy \u00e9s f\u00f6ldrajzi \u00e1rujelz\u0151, formatervez\u00e9si minta, f\u00e9lvezet\u0151 term\u00e9kek topogr\u00e1fia oltalma, n\u00f6v\u00e9nyfajta oltalom, sz\u00e1m\u00edt\u00f3g\u00e9pi programra vonatkoz\u00f3 szerz\u0151i jog, valamint tisztess\u00e9gtelen verseny t\u00e1rgy\u00fa elj\u00e1r\u00e1sokban) jogosult elj\u00e1rni \u00fcgyfelek k\u00e9pviselet\u00e9ben","publisher":{"@id":"https:\/\/godollepat.hu\/#organization"},"potentialAction":[{"@type":"SearchAction","target":{"@type":"EntryPoint","urlTemplate":"https:\/\/godollepat.hu\/?s={search_term_string}"},"query-input":{"@type":"PropertyValueSpecification","valueRequired":true,"valueName":"search_term_string"}}],"inLanguage":"en-US"},{"@type":"Organization","@id":"https:\/\/godollepat.hu\/#organization","name":"G\u00f6d\u00f6lle, K\u00e9kes, M\u00e9sz\u00e1ros & Szab\u00f3 Szabadalmi \u00e9s V\u00e9djegy Iroda","url":"https:\/\/godollepat.hu\/","logo":{"@type":"ImageObject","inLanguage":"en-US","@id":"https:\/\/godollepat.hu\/#\/schema\/logo\/image\/","url":"https:\/\/godollepat.hu\/wp-content\/uploads\/2023\/04\/Godolle-Kekes-Meszaros-Szabo-Patent-and-Trademark-Attorneys-2.png","contentUrl":"https:\/\/godollepat.hu\/wp-content\/uploads\/2023\/04\/Godolle-Kekes-Meszaros-Szabo-Patent-and-Trademark-Attorneys-2.png","width":370,"height":72,"caption":"G\u00f6d\u00f6lle, K\u00e9kes, M\u00e9sz\u00e1ros & Szab\u00f3 Szabadalmi \u00e9s V\u00e9djegy Iroda"},"image":{"@id":"https:\/\/godollepat.hu\/#\/schema\/logo\/image\/"}}]}},"_links":{"self":[{"href":"https:\/\/godollepat.hu\/en\/wp-json\/wp\/v2\/pages\/99996","targetHints":{"allow":["GET"]}}],"collection":[{"href":"https:\/\/godollepat.hu\/en\/wp-json\/wp\/v2\/pages"}],"about":[{"href":"https:\/\/godollepat.hu\/en\/wp-json\/wp\/v2\/types\/page"}],"author":[{"embeddable":true,"href":"https:\/\/godollepat.hu\/en\/wp-json\/wp\/v2\/users\/2"}],"replies":[{"embeddable":true,"href":"https:\/\/godollepat.hu\/en\/wp-json\/wp\/v2\/comments?post=99996"}],"version-history":[{"count":7,"href":"https:\/\/godollepat.hu\/en\/wp-json\/wp\/v2\/pages\/99996\/revisions"}],"predecessor-version":[{"id":100009,"href":"https:\/\/godollepat.hu\/en\/wp-json\/wp\/v2\/pages\/99996\/revisions\/100009"}],"wp:attachment":[{"href":"https:\/\/godollepat.hu\/en\/wp-json\/wp\/v2\/media?parent=99996"}],"curies":[{"name":"wp","href":"https:\/\/api.w.org\/{rel}","templated":true}]}}